{"id":5653,"date":"2021-08-26T12:21:44","date_gmt":"2021-08-26T16:21:44","guid":{"rendered":"http:\/\/dummy.xtemos.com\/woodmart2\/elementor\/?page_id=45"},"modified":"2022-05-13T09:05:27","modified_gmt":"2022-05-13T13:05:27","slug":"comparar","status":"publish","type":"page","link":"https:\/\/nutricionistanaduris.cl\/en\/comparar\/","title":{"rendered":"Comparar"},"content":{"rendered":"<table class=\"wd-compare-table\">\n\t\t\t\t\t\t\t\t<p class=\"wd-empty-compare wd-empty-page\">\n\t\t\t\t\t\tCompare list is empty.\t\t\t\t\t<\/p>\n\t\t\t\t\t\t\t\t\t\t\t<div class=\"wd-empty-page-text\">No se han a\u00f1adido productos en la lista de comparaci\u00f3n. Debe agregar algunos productos para compararlos. <br> Encontrar\u00e1 muchos productos interesantes en nuestra p\u00e1gina \"Tienda\".<\/div>\n\t\t\t\t\t\t\t\t\t\t<p class=\"return-to-shop\">\n\t\t\t\t\t\t<a class=\"button\" href=\"https:\/\/nutricionistanaduris.cl\/en\/tienda\/\">\n\t\t\t\t\t\t\tRegresar a la Tienda\t\t\t\t\t\t<\/a>\n\t\t\t\t\t<\/p>\n\t\t\t\t\t\t<\/table>","protected":false},"excerpt":{"rendered":"","protected":false},"author":1,"featured_media":0,"parent":0,"menu_order":9,"comment_status":"closed","ping_status":"closed","template":"","meta":{"_joinchat":[],"footnotes":""},"class_list":["post-5653","page","type-page","status-publish","hentry"],"_links":{"self":[{"href":"https:\/\/nutricionistanaduris.cl\/en\/wp-json\/wp\/v2\/pages\/5653","targetHints":{"allow":["GET"]}}],"collection":[{"href":"https:\/\/nutricionistanaduris.cl\/en\/wp-json\/wp\/v2\/pages"}],"about":[{"href":"https:\/\/nutricionistanaduris.cl\/en\/wp-json\/wp\/v2\/types\/page"}],"author":[{"embeddable":true,"href":"https:\/\/nutricionistanaduris.cl\/en\/wp-json\/wp\/v2\/users\/1"}],"replies":[{"embeddable":true,"href":"https:\/\/nutricionistanaduris.cl\/en\/wp-json\/wp\/v2\/comments?post=5653"}],"version-history":[{"count":2,"href":"https:\/\/nutricionistanaduris.cl\/en\/wp-json\/wp\/v2\/pages\/5653\/revisions"}],"predecessor-version":[{"id":8524,"href":"https:\/\/nutricionistanaduris.cl\/en\/wp-json\/wp\/v2\/pages\/5653\/revisions\/8524"}],"wp:attachment":[{"href":"https:\/\/nutricionistanaduris.cl\/en\/wp-json\/wp\/v2\/media?parent=5653"}],"curies":[{"name":"wp","href":"https:\/\/api.w.org\/{rel}","templated":true}]}}